{"id":979,"date":"2025-02-27T17:30:28","date_gmt":"2025-02-27T17:30:28","guid":{"rendered":"https:\/\/aussdesigns.com\/?post_type=product&#038;p=979"},"modified":"2025-02-28T10:41:35","modified_gmt":"2025-02-28T10:41:35","slug":"logotipas-ambersites","status":"publish","type":"product","link":"https:\/\/aussdesigns.com\/en\/product\/logotipas-ambersites\/","title":{"rendered":"Logotipas \u201eAmbersites\u201c"},"content":{"rendered":"<p>Suk\u016briau logotip\u0105 verslui \u201e<strong>Ambersites<\/strong>\u201c, kuris specializuojasi internetini\u0173 svetaini\u0173 k\u016brime.<\/p>\n<p><strong>Dizainas atspindi<\/strong> modernum\u0105, patikimum\u0105 ir technologin\u012f profesionalum\u0105 \u2013 vertybes, svarbias skaitmenini\u0173 paslaug\u0173 sektoriuje.<\/p>\n<p>Kuriant logotip\u0105, <strong>siekiau<\/strong> minimalistin\u0117s estetikos, derindama ai\u0161kias formas ir subtilias detales, kurios perteikia prek\u0117s \u017eenklo identitet\u0105. Logotipas <strong>pritaikytas naudoti \u012fvairiuose formatuose<\/strong> \u2013 nuo internetini\u0173 svetaini\u0173 iki socialin\u0117s medijos ir spausdintos med\u017eiagos.<\/p>\n<p>&nbsp;<\/p>\n<p>\ud83d\udc49 <strong>Tikslas<\/strong>: Atspind\u0117ti verslo profesionalum\u0105 ir inovatyvum\u0105<\/p>\n<p>\ud83c\udfaf <strong>Stilius<\/strong>: Minimalistinis, \u0161iuolaiki\u0161kas<\/p>\n<p>\ud83d\udee0\ufe0f<strong> Naudota programa<\/strong>: Adobe Illustrator<\/p>\n<p>&nbsp;<\/p>\n<p>Logotip\u0105 galima per\u017ei\u016br\u0117ti puslapyje\u00a0<a href=\"https:\/\/ambersites.lt\/\">ambersites.lt<\/a><\/p>","protected":false},"excerpt":{"rendered":"<p>\u201eAmbersites\u201c internetini\u0173 svetaini\u0173 k\u016brimas<\/p>","protected":false},"featured_media":985,"template":"","meta":{"_acf_changed":false,"inline_featured_image":false},"product_brand":[],"product_cat":[44],"product_tag":[],"class_list":{"0":"post-979","1":"product","2":"type-product","3":"status-publish","4":"has-post-thumbnail","6":"product_cat-logotipai","8":"first","9":"instock","10":"shipping-taxable","11":"product-type-simple"},"acf":[],"_links":{"self":[{"href":"https:\/\/aussdesigns.com\/en\/wp-json\/wp\/v2\/product\/979","targetHints":{"allow":["GET"]}}],"collection":[{"href":"https:\/\/aussdesigns.com\/en\/wp-json\/wp\/v2\/product"}],"about":[{"href":"https:\/\/aussdesigns.com\/en\/wp-json\/wp\/v2\/types\/product"}],"wp:featuredmedia":[{"embeddable":true,"href":"https:\/\/aussdesigns.com\/en\/wp-json\/wp\/v2\/media\/985"}],"wp:attachment":[{"href":"https:\/\/aussdesigns.com\/en\/wp-json\/wp\/v2\/media?parent=979"}],"wp:term":[{"taxonomy":"product_brand","embeddable":true,"href":"https:\/\/aussdesigns.com\/en\/wp-json\/wp\/v2\/product_brand?post=979"},{"taxonomy":"product_cat","embeddable":true,"href":"https:\/\/aussdesigns.com\/en\/wp-json\/wp\/v2\/product_cat?post=979"},{"taxonomy":"product_tag","embeddable":true,"href":"https:\/\/aussdesigns.com\/en\/wp-json\/wp\/v2\/product_tag?post=979"}],"curies":[{"name":"wp","href":"https:\/\/api.w.org\/{rel}","templated":true}]}}