{"id":978,"date":"2025-02-27T17:25:49","date_gmt":"2025-02-27T17:25:49","guid":{"rendered":"https:\/\/aussdesigns.com\/?post_type=product&#038;p=978"},"modified":"2025-02-27T17:25:49","modified_gmt":"2025-02-27T17:25:49","slug":"youtube-thumbnail-pamoku-serija","status":"publish","type":"product","link":"https:\/\/aussdesigns.com\/en\/product\/youtube-thumbnail-pamoku-serija\/","title":{"rendered":"YouTube Thumbnail \u201ePamok\u0173 serija\u201c"},"content":{"rendered":"<p>YouTube Thumbnail Design \u2013 <strong>Sporto Pamok\u0173 Serija<\/strong> \ud83c\udfcb\ufe0f\u200d\u2642\ufe0f<\/p>\n<p>D\u017eiaugiuosi gal\u0117dama pasidalinti savo sukurtu miniati\u016br\u0173 dizainu skirtu Kult\u016brizmo Akademijos kanalui! \u0160\u012f kart\u0105 dirbau su <strong>12 sporto pamok\u0173 serija<\/strong>, kuriai suk\u016briau <strong>viening\u0105 vizualin\u012f stili\u0173.<\/strong><\/p>\n<p>&nbsp;<\/p>\n<p>\ud83d\udccc <strong>Kod\u0117l svarbu, kad visos miniati\u016bros tur\u0117t\u0173 bendr\u0105 tem\u0105?<\/strong><\/p>\n<p>\u2705 Suteikia vientisum\u0105 \u2013 \u017ei\u016brovai i\u0161kart supranta, kad tai dalis tos pa\u010dios serijos<\/p>\n<p>\u2705 Padeda atpa\u017einti turin\u012f \u2013 ai\u0161ki strukt\u016bra skatina \u017emones \u017ei\u016br\u0117ti vis\u0105 pamok\u0173 cikl\u0105<\/p>\n<p>\u2705 Kuria profesional\u0173 \u012fvaizd\u012f \u2013 organizuotas ir nuoseklus dizainas didina pasitik\u0117jim\u0105 kanalu<\/p>\n<p>&nbsp;<\/p>\n<p>Man buvo didel\u0117 garb\u0117 ir malonumas prisid\u0117ti prie \u0161io projekto! Kuriant dizain\u0105 siekiau, kad kiekviena pamoka atrodyt\u0173 vizualiai \u012ftraukianti, bet kartu i\u0161laikyt\u0173 bendr\u0105 stilistik\u0105.<\/p>\n<p>&nbsp;<\/p>\n<p>\ud83d\udca1 Jei jums reikia profesionalaus ir strategi\u0161kai apgalvoto dizaino, mielai pad\u0117siu!<\/p>\n<p>Taip pat noriu pasidalinti Kult\u016brizmo Akademijos YouTube kanalu, kuris kuria kokybi\u0161k\u0105 turin\u012f visiems, besidomintiems sportu ir sveika gyvensena. Jei ie\u0161kote nauding\u0173 patarim\u0173 ar motyvacijos sportui \u2013 b\u016btinai u\u017esukite! \ud83d\udcaa<\/p>\n<p>https:\/\/www.youtube.com\/@kulturizmoakademija<\/p>","protected":false},"excerpt":{"rendered":"<p>Dizainu skirtu Kult\u016brizmo Akademijos kanalui<\/p>","protected":false},"featured_media":975,"template":"","meta":{"_acf_changed":false,"inline_featured_image":false},"product_brand":[],"product_cat":[29,43],"product_tag":[],"class_list":{"0":"post-978","1":"product","2":"type-product","3":"status-publish","4":"has-post-thumbnail","6":"product_cat-socialiniai_tinklai","7":"product_cat-youtube","9":"first","10":"instock","11":"shipping-taxable","12":"product-type-simple"},"acf":[],"_links":{"self":[{"href":"https:\/\/aussdesigns.com\/en\/wp-json\/wp\/v2\/product\/978","targetHints":{"allow":["GET"]}}],"collection":[{"href":"https:\/\/aussdesigns.com\/en\/wp-json\/wp\/v2\/product"}],"about":[{"href":"https:\/\/aussdesigns.com\/en\/wp-json\/wp\/v2\/types\/product"}],"wp:featuredmedia":[{"embeddable":true,"href":"https:\/\/aussdesigns.com\/en\/wp-json\/wp\/v2\/media\/975"}],"wp:attachment":[{"href":"https:\/\/aussdesigns.com\/en\/wp-json\/wp\/v2\/media?parent=978"}],"wp:term":[{"taxonomy":"product_brand","embeddable":true,"href":"https:\/\/aussdesigns.com\/en\/wp-json\/wp\/v2\/product_brand?post=978"},{"taxonomy":"product_cat","embeddable":true,"href":"https:\/\/aussdesigns.com\/en\/wp-json\/wp\/v2\/product_cat?post=978"},{"taxonomy":"product_tag","embeddable":true,"href":"https:\/\/aussdesigns.com\/en\/wp-json\/wp\/v2\/product_tag?post=978"}],"curies":[{"name":"wp","href":"https:\/\/api.w.org\/{rel}","templated":true}]}}