{"id":971,"date":"2025-02-27T17:10:55","date_gmt":"2025-02-27T17:10:55","guid":{"rendered":"https:\/\/aussdesigns.com\/?post_type=product&#038;p=971"},"modified":"2025-02-27T17:10:55","modified_gmt":"2025-02-27T17:10:55","slug":"plakatas-june-lineup","status":"publish","type":"product","link":"https:\/\/aussdesigns.com\/en\/product\/plakatas-june-lineup\/","title":{"rendered":"Plakatas \u201eJune lineup\u201c"},"content":{"rendered":"<p>Be galo d\u017eiaugiuosi gal\u0117dama prisid\u0117ti prie naktinio klubo \u201euno.\u201c vizualinio identiteto! \u0160\u012f kart\u0105 suk\u016briau plakat\u0105, kuriame pateikiamas viso m\u0117nesio lineup\u2019as \u2013 ai\u0161kiai ir vizualiai patraukliai atvaizdavau, kas gros vis\u0105 m\u0117nes\u012f.<\/p>\n<p>&nbsp;<\/p>\n<p>\ud83d\udccc<strong> Kod\u0117l svarbu tur\u0117ti gerai sukurt\u0105 lineup plakat\u0105?<\/strong><\/p>\n<p>\u2705 Ai\u0161kiai pateikia informacij\u0105 \u2013 lankytojai gali lengvai matyti vis\u0105 m\u0117nesio program\u0105<\/p>\n<p>\u2705 Padeda planuoti apsilankymus \u2013 \u017emon\u0117s i\u0161 anksto gali pasirinkti, kuriuos renginius aplankyti<\/p>\n<p>\u2705 Sukuria stipr\u0173 vizualin\u012f \u012fvaizd\u012f \u2013 profesionalus dizainas padeda klubui i\u0161siskirti konkurencingoje rinkoje<\/p>\n<p>&nbsp;<\/p>\n<p>Esu d\u0117kinga u\u017e galimyb\u0119 prisid\u0117ti prie \u0161io projekto! A\u010di\u016b @unoklubas \u2764\ufe0f<\/p>","protected":false},"excerpt":{"rendered":"<p>Atlik\u0117j\u0173 s\u0105ra\u0161as klubui \u201euno.\u201c<\/p>","protected":false},"featured_media":968,"template":"","meta":{"_acf_changed":false,"inline_featured_image":false},"product_brand":[],"product_cat":[41,42],"product_tag":[],"class_list":{"0":"post-971","1":"product","2":"type-product","3":"status-publish","4":"has-post-thumbnail","6":"product_cat-plakatai","7":"product_cat-spauda","9":"first","10":"instock","11":"shipping-taxable","12":"product-type-simple"},"acf":[],"_links":{"self":[{"href":"https:\/\/aussdesigns.com\/en\/wp-json\/wp\/v2\/product\/971","targetHints":{"allow":["GET"]}}],"collection":[{"href":"https:\/\/aussdesigns.com\/en\/wp-json\/wp\/v2\/product"}],"about":[{"href":"https:\/\/aussdesigns.com\/en\/wp-json\/wp\/v2\/types\/product"}],"wp:featuredmedia":[{"embeddable":true,"href":"https:\/\/aussdesigns.com\/en\/wp-json\/wp\/v2\/media\/968"}],"wp:attachment":[{"href":"https:\/\/aussdesigns.com\/en\/wp-json\/wp\/v2\/media?parent=971"}],"wp:term":[{"taxonomy":"product_brand","embeddable":true,"href":"https:\/\/aussdesigns.com\/en\/wp-json\/wp\/v2\/product_brand?post=971"},{"taxonomy":"product_cat","embeddable":true,"href":"https:\/\/aussdesigns.com\/en\/wp-json\/wp\/v2\/product_cat?post=971"},{"taxonomy":"product_tag","embeddable":true,"href":"https:\/\/aussdesigns.com\/en\/wp-json\/wp\/v2\/product_tag?post=971"}],"curies":[{"name":"wp","href":"https:\/\/api.w.org\/{rel}","templated":true}]}}