{"id":970,"date":"2025-02-27T17:03:08","date_gmt":"2025-02-27T17:03:08","guid":{"rendered":"https:\/\/aussdesigns.com\/?post_type=product&#038;p=970"},"modified":"2025-02-27T17:03:08","modified_gmt":"2025-02-27T17:03:08","slug":"plakatas-gatves-muzikos-diena","status":"publish","type":"product","link":"https:\/\/aussdesigns.com\/en\/product\/plakatas-gatves-muzikos-diena\/","title":{"rendered":"Plakatas \u201eGatv\u0117s muzikos diena \u201c"},"content":{"rendered":"<p>Tur\u0117jau galimyb\u0119 sukurti plakat\u0105 naktiniam klubui &#8222;<strong>uno.<\/strong>&#8222;, skirt\u0105 Gatv\u0117s muzikos dienos \u0161ventei! \ud83c\udfb5 \u0160iame dizaine vizualiai perteikiau informacij\u0105 apie tai, kas gros t\u0105 dien\u0105.<\/p>\n<p>&nbsp;<\/p>\n<p>\ud83d\udccc<strong> Kod\u0117l geras plakato dizainas svarbus?<\/strong><\/p>\n<p>\u2705 Patraukia d\u0117mes\u012f \u2013 ai\u0161k\u016bs vizualai ir stiprus dizainas i\u0161 karto sukuria nuotaik\u0105;<\/p>\n<p>\u2705 Suteikia ai\u0161ki\u0105 informacij\u0105 \u2013 \u017emon\u0117s greitai supranta, kas, kur ir kada vyks;<\/p>\n<p>\u2705 Sustiprina renginio \u012fvaizd\u012f \u2013 profesionalus dizainas kuria stipresn\u012f ry\u0161\u012f su auditorija.<\/p>\n<p>&nbsp;<\/p>\n<p>Esu d\u0117kinga u\u017e galimyb\u0119 prisid\u0117ti prie \u0161io projekto ir pad\u0117ti vizualiai atskleisti \u0161io renginio dvasi\u0105! A\u010di\u016b @unoklubas \u2764\ufe0f<\/p>","protected":false},"excerpt":{"rendered":"<p>Plakatas Naktiniam Klubui &#8222;uno.&#8221;<\/p>","protected":false},"featured_media":965,"template":"","meta":{"_acf_changed":false,"inline_featured_image":false},"product_brand":[],"product_cat":[41,42],"product_tag":[],"class_list":{"0":"post-970","1":"product","2":"type-product","3":"status-publish","4":"has-post-thumbnail","6":"product_cat-plakatai","7":"product_cat-spauda","9":"first","10":"instock","11":"shipping-taxable","12":"product-type-simple"},"acf":[],"_links":{"self":[{"href":"https:\/\/aussdesigns.com\/en\/wp-json\/wp\/v2\/product\/970","targetHints":{"allow":["GET"]}}],"collection":[{"href":"https:\/\/aussdesigns.com\/en\/wp-json\/wp\/v2\/product"}],"about":[{"href":"https:\/\/aussdesigns.com\/en\/wp-json\/wp\/v2\/types\/product"}],"wp:featuredmedia":[{"embeddable":true,"href":"https:\/\/aussdesigns.com\/en\/wp-json\/wp\/v2\/media\/965"}],"wp:attachment":[{"href":"https:\/\/aussdesigns.com\/en\/wp-json\/wp\/v2\/media?parent=970"}],"wp:term":[{"taxonomy":"product_brand","embeddable":true,"href":"https:\/\/aussdesigns.com\/en\/wp-json\/wp\/v2\/product_brand?post=970"},{"taxonomy":"product_cat","embeddable":true,"href":"https:\/\/aussdesigns.com\/en\/wp-json\/wp\/v2\/product_cat?post=970"},{"taxonomy":"product_tag","embeddable":true,"href":"https:\/\/aussdesigns.com\/en\/wp-json\/wp\/v2\/product_tag?post=970"}],"curies":[{"name":"wp","href":"https:\/\/api.w.org\/{rel}","templated":true}]}}