{"id":956,"date":"2025-02-27T16:59:35","date_gmt":"2025-02-27T16:59:35","guid":{"rendered":"https:\/\/aussdesigns.com\/?post_type=product&#038;p=956"},"modified":"2025-02-27T16:59:35","modified_gmt":"2025-02-27T16:59:35","slug":"vizualai-kvapams","status":"publish","type":"product","link":"https:\/\/aussdesigns.com\/en\/product\/vizualai-kvapams\/","title":{"rendered":"Vizualai kvapams"},"content":{"rendered":"<p>Vizualai 8 Kvapams \u2013 <strong>pajusk nuotaik\u0105 ir aromat\u0105<\/strong> \ud83d\ude97\ud83c\udf3f<\/p>\n<p>Suk\u016briau 8 unikalius vizualus, atspindin\u010dius 8 skirtingus automobili\u0173 kvapus. Kiekvienas dizainas perteikia kvapo nuotaik\u0105, atmosfer\u0105 ir emocij\u0105, kad pirk\u0117jams b\u016bt\u0173 lengviau \u012fsivaizduoti aromat\u0105 ir i\u0161sirinkti tinkamiausi\u0105.<\/p>\n<p>&nbsp;<\/p>\n<p>\ud83d\udccc<strong> Kod\u0117l tai svarbu?<\/strong><\/p>\n<p>\u2705 Sujungia vizualik\u0105 su poj\u016b\u010diais \u2013 dizainas padeda perteikti kvapo emocij\u0105;<\/p>\n<p>\u2705 Palengvina pasirinkim\u0105 \u2013 ai\u0161kus vizualinis identitetas leid\u017eia grei\u010diau suprasti kvap\u0173 skirtumus;<\/p>\n<p>\u2705 Sukuria stipresn\u012f ry\u0161\u012f su prek\u0117s \u017eenklu \u2013 esteti\u0161ki vaizdai patraukia d\u0117mes\u012f ir palieka \u012fsp\u016bd\u012f.<\/p>\n<p>&nbsp;<\/p>\n<p>Esu d\u0117kinga u\u017e galimyb\u0119 prisid\u0117ti prie \u0161io projekto ir vizualiai perteikti tai, kas da\u017eniausiai juntama tik kvapu! Jei ir jums reikia dizaino, kuris perteikt\u0173 emocij\u0105 \u2013 susisiekite su manimi! \u2728<\/p>\n<p>Vizualus galima per\u017ei\u016br\u0117ti puslapyje bplug.lt<\/p>","protected":false},"excerpt":{"rendered":"<p>Vizualai atspindintys skirtingus kvapus<\/p>","protected":false},"featured_media":960,"template":"","meta":{"_acf_changed":false,"inline_featured_image":false},"product_brand":[],"product_cat":[38],"product_tag":[],"class_list":{"0":"post-956","1":"product","2":"type-product","3":"status-publish","4":"has-post-thumbnail","6":"product_cat-kita","8":"first","9":"instock","10":"shipping-taxable","11":"product-type-simple"},"acf":[],"_links":{"self":[{"href":"https:\/\/aussdesigns.com\/en\/wp-json\/wp\/v2\/product\/956","targetHints":{"allow":["GET"]}}],"collection":[{"href":"https:\/\/aussdesigns.com\/en\/wp-json\/wp\/v2\/product"}],"about":[{"href":"https:\/\/aussdesigns.com\/en\/wp-json\/wp\/v2\/types\/product"}],"wp:featuredmedia":[{"embeddable":true,"href":"https:\/\/aussdesigns.com\/en\/wp-json\/wp\/v2\/media\/960"}],"wp:attachment":[{"href":"https:\/\/aussdesigns.com\/en\/wp-json\/wp\/v2\/media?parent=956"}],"wp:term":[{"taxonomy":"product_brand","embeddable":true,"href":"https:\/\/aussdesigns.com\/en\/wp-json\/wp\/v2\/product_brand?post=956"},{"taxonomy":"product_cat","embeddable":true,"href":"https:\/\/aussdesigns.com\/en\/wp-json\/wp\/v2\/product_cat?post=956"},{"taxonomy":"product_tag","embeddable":true,"href":"https:\/\/aussdesigns.com\/en\/wp-json\/wp\/v2\/product_tag?post=956"}],"curies":[{"name":"wp","href":"https:\/\/api.w.org\/{rel}","templated":true}]}}