{"id":942,"date":"2025-02-25T11:06:55","date_gmt":"2025-02-25T11:06:55","guid":{"rendered":"https:\/\/aussdesigns.com\/?post_type=product&#038;p=942"},"modified":"2025-02-25T11:06:55","modified_gmt":"2025-02-25T11:06:55","slug":"konkurso-skelbimas","status":"publish","type":"product","link":"https:\/\/aussdesigns.com\/en\/product\/konkurso-skelbimas\/","title":{"rendered":"Konkurso skelbimas"},"content":{"rendered":"<p>Kuriu \u012ftraukiant\u012f turinio dizain\u0105<\/p>\n<p>suk\u016briau \u0161\u012f konkurso skelbimo dizain\u0105, kad parody\u010diau, kaip gali atrodyti profesionalus ir patrauklus vizualas j\u016bs\u0173 socialiniams tinklams. Ai\u0161ki informacija, ry\u0161k\u016bs akcentai ir tvarkingas i\u0161d\u0117stymas u\u017etikrina, kad konkursas i\u0161kart patraukt\u0173 d\u0117mes\u012f ir paskatint\u0173 dalyvauti!<\/p>\n<p>&nbsp;<\/p>\n<p>\ud83d\udccc Reikia konkurso plakato ar social media posto savo verslui? Sukursiu dizain\u0105, kuris pritrauks daugiau dalyvi\u0173 ir pad\u0117s j\u016bs\u0173 prek\u0117s \u017eenklui i\u0161siskirti!<\/p>","protected":false},"excerpt":{"rendered":"<p>Patrauklus vizualas j\u016bs\u0173 socialiniams tinklams<\/p>","protected":false},"featured_media":863,"template":"","meta":{"_acf_changed":false,"inline_featured_image":false},"product_brand":[],"product_cat":[29],"product_tag":[],"class_list":{"0":"post-942","1":"product","2":"type-product","3":"status-publish","4":"has-post-thumbnail","6":"product_cat-socialiniai_tinklai","8":"first","9":"instock","10":"shipping-taxable","11":"product-type-simple"},"acf":[],"_links":{"self":[{"href":"https:\/\/aussdesigns.com\/en\/wp-json\/wp\/v2\/product\/942","targetHints":{"allow":["GET"]}}],"collection":[{"href":"https:\/\/aussdesigns.com\/en\/wp-json\/wp\/v2\/product"}],"about":[{"href":"https:\/\/aussdesigns.com\/en\/wp-json\/wp\/v2\/types\/product"}],"wp:featuredmedia":[{"embeddable":true,"href":"https:\/\/aussdesigns.com\/en\/wp-json\/wp\/v2\/media\/863"}],"wp:attachment":[{"href":"https:\/\/aussdesigns.com\/en\/wp-json\/wp\/v2\/media?parent=942"}],"wp:term":[{"taxonomy":"product_brand","embeddable":true,"href":"https:\/\/aussdesigns.com\/en\/wp-json\/wp\/v2\/product_brand?post=942"},{"taxonomy":"product_cat","embeddable":true,"href":"https:\/\/aussdesigns.com\/en\/wp-json\/wp\/v2\/product_cat?post=942"},{"taxonomy":"product_tag","embeddable":true,"href":"https:\/\/aussdesigns.com\/en\/wp-json\/wp\/v2\/product_tag?post=942"}],"curies":[{"name":"wp","href":"https:\/\/api.w.org\/{rel}","templated":true}]}}