{"id":933,"date":"2025-02-25T10:47:50","date_gmt":"2025-02-25T10:47:50","guid":{"rendered":"https:\/\/aussdesigns.com\/?post_type=product&#038;p=933"},"modified":"2025-02-25T10:56:33","modified_gmt":"2025-02-25T10:56:33","slug":"dizainas-paslaugu-kainoms","status":"publish","type":"product","link":"https:\/\/aussdesigns.com\/en\/product\/dizainas-paslaugu-kainoms\/","title":{"rendered":"Dizainas paslaug\u0173 kainoms"},"content":{"rendered":"<p><strong>Estetika, kuri pritraukia klientus!<\/strong><\/p>\n<p>Suk\u016briau pavyzdinius postus kirp\u0117joms, skirtus Instagram ar kitai socialinei medijai. \u0160ie vizualai puikiai tinka tiek \u012fra\u0161ams, tiek istorijoms, ai\u0161kiai ir esteti\u0161kai pateikiant paslaug\u0173 kainas.<\/p>\n<p>&nbsp;<\/p>\n<p>\ud83d\udccc <strong>Kod\u0117l tai svarbu?<\/strong><\/p>\n<p>\u2705 Profesionalus dizainas sukuria patikim\u0105 \u012fvaizd\u012f<\/p>\n<p>\u2705 Ai\u0161kiai pateikta informacija padeda pritraukti daugiau klient\u0173<\/p>\n<p>\u2705 Esteti\u0161ki vizualai kelia pasitik\u0117jim\u0105 ir skatina u\u017esisakyti paslaugas<\/p>\n<p>&nbsp;<\/p>\n<p>\ud83d\udca1 Reikia i\u0161skirtinio socialini\u0173 tinkl\u0173 dizaino j\u016bs\u0173 verslui? Para\u0161ykite man \u2013 sukursiu vizualus, kurie pritrauks daugiau klient\u0173!<\/p>","protected":false},"excerpt":{"rendered":"<p>Kainora\u0161tis socialiniams tinklams<\/p>","protected":false},"featured_media":862,"template":"","meta":{"_acf_changed":false,"inline_featured_image":false},"product_brand":[],"product_cat":[29],"product_tag":[],"class_list":{"0":"post-933","1":"product","2":"type-product","3":"status-publish","4":"has-post-thumbnail","6":"product_cat-socialiniai_tinklai","8":"first","9":"instock","10":"shipping-taxable","11":"product-type-simple"},"acf":[],"_links":{"self":[{"href":"https:\/\/aussdesigns.com\/en\/wp-json\/wp\/v2\/product\/933","targetHints":{"allow":["GET"]}}],"collection":[{"href":"https:\/\/aussdesigns.com\/en\/wp-json\/wp\/v2\/product"}],"about":[{"href":"https:\/\/aussdesigns.com\/en\/wp-json\/wp\/v2\/types\/product"}],"wp:featuredmedia":[{"embeddable":true,"href":"https:\/\/aussdesigns.com\/en\/wp-json\/wp\/v2\/media\/862"}],"wp:attachment":[{"href":"https:\/\/aussdesigns.com\/en\/wp-json\/wp\/v2\/media?parent=933"}],"wp:term":[{"taxonomy":"product_brand","embeddable":true,"href":"https:\/\/aussdesigns.com\/en\/wp-json\/wp\/v2\/product_brand?post=933"},{"taxonomy":"product_cat","embeddable":true,"href":"https:\/\/aussdesigns.com\/en\/wp-json\/wp\/v2\/product_cat?post=933"},{"taxonomy":"product_tag","embeddable":true,"href":"https:\/\/aussdesigns.com\/en\/wp-json\/wp\/v2\/product_tag?post=933"}],"curies":[{"name":"wp","href":"https:\/\/api.w.org\/{rel}","templated":true}]}}