{"id":930,"date":"2025-02-25T10:37:13","date_gmt":"2025-02-25T10:37:13","guid":{"rendered":"https:\/\/aussdesigns.com\/?post_type=product&#038;p=930"},"modified":"2025-02-25T10:41:01","modified_gmt":"2025-02-25T10:41:01","slug":"iskirpto-popieriaus-efektas","status":"publish","type":"product","link":"https:\/\/aussdesigns.com\/en\/product\/iskirpto-popieriaus-efektas\/","title":{"rendered":"I\u0161kirpto popieriaus efektas"},"content":{"rendered":"<p data-start=\"119\" data-end=\"587\">\u0160is asmeninis projektas buvo sukurtas mokymosi tikslais, siekiant i\u0161bandyti popieriaus i\u0161kirpimo efekto k\u016brim\u0105 naudojant dizaino programas. Naudodama \u201eAdobe Illustrator\u201c, suk\u016briau iliustracijas, kurios atrodo tarsi i\u0161kirptos i\u0161 popieriaus, ir pritaikiau jas kaip telefono u\u017esklandas. Rezultatas puikiai atspindi k\u016brybi\u0161kum\u0105 ir detalumo d\u0117mes\u012f. \u0160ias u\u017esklandas galima nemokamai atsisi\u0173sti, pateikiau jas ir kaip \u201emockups\u201c, kad b\u016bt\u0173 lengviau \u012fsivaizduoti j\u0173 naudojim\u0105.<\/p>\n<p data-start=\"589\" data-end=\"765\">\ud83d\udc49 <strong data-start=\"592\" data-end=\"613\">Naudota programa:<\/strong> Adobe Illustrator<br data-start=\"631\" data-end=\"634\" \/>\ud83d\udc49 <strong data-start=\"637\" data-end=\"661\">Pagrindinis tikslas:<\/strong> I\u0161bandyti popieriaus i\u0161kirpimo efekt\u0105<br data-start=\"699\" data-end=\"702\" data-is-only-node=\"\" \/>\ud83d\udc49 <strong data-start=\"705\" data-end=\"720\">Rezultatas:<\/strong> Unikalios ir stilingos telefono u\u017esklandos<\/p>","protected":false},"excerpt":{"rendered":"<p>Iliustracija, kuri atrodo tarsi i\u0161kirpta i\u0161 popieriaus<\/p>","protected":false},"featured_media":871,"template":"","meta":{"_acf_changed":false,"inline_featured_image":false},"product_brand":[],"product_cat":[38],"product_tag":[],"class_list":{"0":"post-930","1":"product","2":"type-product","3":"status-publish","4":"has-post-thumbnail","6":"product_cat-kita","8":"first","9":"instock","10":"downloadable","11":"shipping-taxable","12":"product-type-simple"},"acf":[],"_links":{"self":[{"href":"https:\/\/aussdesigns.com\/en\/wp-json\/wp\/v2\/product\/930","targetHints":{"allow":["GET"]}}],"collection":[{"href":"https:\/\/aussdesigns.com\/en\/wp-json\/wp\/v2\/product"}],"about":[{"href":"https:\/\/aussdesigns.com\/en\/wp-json\/wp\/v2\/types\/product"}],"wp:featuredmedia":[{"embeddable":true,"href":"https:\/\/aussdesigns.com\/en\/wp-json\/wp\/v2\/media\/871"}],"wp:attachment":[{"href":"https:\/\/aussdesigns.com\/en\/wp-json\/wp\/v2\/media?parent=930"}],"wp:term":[{"taxonomy":"product_brand","embeddable":true,"href":"https:\/\/aussdesigns.com\/en\/wp-json\/wp\/v2\/product_brand?post=930"},{"taxonomy":"product_cat","embeddable":true,"href":"https:\/\/aussdesigns.com\/en\/wp-json\/wp\/v2\/product_cat?post=930"},{"taxonomy":"product_tag","embeddable":true,"href":"https:\/\/aussdesigns.com\/en\/wp-json\/wp\/v2\/product_tag?post=930"}],"curies":[{"name":"wp","href":"https:\/\/api.w.org\/{rel}","templated":true}]}}