{"id":929,"date":"2025-02-25T10:15:54","date_gmt":"2025-02-25T10:15:54","guid":{"rendered":"https:\/\/aussdesigns.com\/?post_type=product&#038;p=929"},"modified":"2025-02-25T10:32:01","modified_gmt":"2025-02-25T10:32:01","slug":"pakuotes-dizainas","status":"publish","type":"product","link":"https:\/\/aussdesigns.com\/en\/product\/pakuotes-dizainas\/","title":{"rendered":"Pakuot\u0117s dizainas"},"content":{"rendered":"<p>Suk\u016briau pakuot\u0117s dizain\u0105, skirt\u0105 LED ap\u0161vietimo sistemai automobiliui. \u0160is dizainas sujungia ry\u0161kias spalvas ir funkcional\u0173 i\u0161d\u0117stym\u0105, siekiant suteikti automobilio interjerui modernumo ir stiliaus. Naudodama \u201eAdobe Illustrator\u201c, suk\u016briau dizain\u0105, kuris ne tik i\u0161ry\u0161kina LED ap\u0161vietimo ry\u0161kum\u0105, bet ir pabr\u0117\u017eia auk\u0161t\u0105 produkto kokyb\u0119. Pakuot\u0117 buvo sukurta taip, kad b\u016bt\u0173 patraukli ir funkcionali, idealiai tinkanti automobilio entuziastams.<\/p>\n<p>Per\u017ei\u016br\u0117ti kliento svetain\u0117je:<\/p>\n<blockquote class=\"wp-embedded-content\" data-secret=\"xbW4LvkACb\"><p><a href=\"https:\/\/bplug.lt\/produktas\/ambilight-dynamic-standartinis-komplektas-vidaus-duru-rankenos-koju-apacia-pavaru-svirties-konsole\/\">Ambilight Dynamic 2 standartinis komplektas + vidaus dur\u0173 rankenos + koj\u0173 apa\u010di\u0105 8vnt + pavar\u0173 svirties konsol\u0117  &#8222;22 zonos&#8221;<\/a><\/p><\/blockquote>\n<p><iframe class=\"wp-embedded-content\" sandbox=\"allow-scripts\" security=\"restricted\" style=\"position: absolute; visibility: hidden;\" title=\"&ldquo;Ambilight Dynamic 2 standartinis komplektas + vidaus dur\u0173 rankenos + koj\u0173 apa\u010di\u0105 8vnt + pavar\u0173 svirties konsol\u0117 &lt;br&gt; &bdquo;22 zonos&rdquo;&rdquo; &mdash; BPlug.lt - LED vidaus salono ap&scaron;vietimas\" src=\"https:\/\/bplug.lt\/produktas\/ambilight-dynamic-standartinis-komplektas-vidaus-duru-rankenos-koju-apacia-pavaru-svirties-konsole\/embed\/#?secret=w34AycgKDW#?secret=xbW4LvkACb\" data-secret=\"xbW4LvkACb\" width=\"600\" height=\"338\" frameborder=\"0\" marginwidth=\"0\" marginheight=\"0\" scrolling=\"no\"><\/iframe><\/p>","protected":false},"excerpt":{"rendered":"<p>LED ap\u0161vietimo pakuot\u0117s dizainas automobiliui<\/p>","protected":false},"featured_media":858,"template":"","meta":{"_acf_changed":false,"inline_featured_image":false},"product_brand":[],"product_cat":[38],"product_tag":[],"class_list":{"0":"post-929","1":"product","2":"type-product","3":"status-publish","4":"has-post-thumbnail","6":"product_cat-kita","8":"first","9":"instock","10":"shipping-taxable","11":"product-type-simple"},"acf":[],"_links":{"self":[{"href":"https:\/\/aussdesigns.com\/en\/wp-json\/wp\/v2\/product\/929","targetHints":{"allow":["GET"]}}],"collection":[{"href":"https:\/\/aussdesigns.com\/en\/wp-json\/wp\/v2\/product"}],"about":[{"href":"https:\/\/aussdesigns.com\/en\/wp-json\/wp\/v2\/types\/product"}],"wp:featuredmedia":[{"embeddable":true,"href":"https:\/\/aussdesigns.com\/en\/wp-json\/wp\/v2\/media\/858"}],"wp:attachment":[{"href":"https:\/\/aussdesigns.com\/en\/wp-json\/wp\/v2\/media?parent=929"}],"wp:term":[{"taxonomy":"product_brand","embeddable":true,"href":"https:\/\/aussdesigns.com\/en\/wp-json\/wp\/v2\/product_brand?post=929"},{"taxonomy":"product_cat","embeddable":true,"href":"https:\/\/aussdesigns.com\/en\/wp-json\/wp\/v2\/product_cat?post=929"},{"taxonomy":"product_tag","embeddable":true,"href":"https:\/\/aussdesigns.com\/en\/wp-json\/wp\/v2\/product_tag?post=929"}],"curies":[{"name":"wp","href":"https:\/\/api.w.org\/{rel}","templated":true}]}}