{"id":928,"date":"2025-02-25T10:09:47","date_gmt":"2025-02-25T10:09:47","guid":{"rendered":"https:\/\/aussdesigns.com\/?post_type=product&#038;p=928"},"modified":"2025-02-25T10:12:17","modified_gmt":"2025-02-25T10:12:17","slug":"dovanu-kuponas","status":"publish","type":"product","link":"https:\/\/aussdesigns.com\/en\/product\/dovanu-kuponas\/","title":{"rendered":"Dovan\u0173 kuponas"},"content":{"rendered":"<p>Suk\u016briau modern\u0173 ir patraukl\u0173 dovan\u0173 kupono dizain\u0105. E. parduotuvei tai yra vertingas \u012frankis, kuris ne tik skatina pardavimus, bet ir pritraukia naujus klientus, didina prek\u0117s \u017eenklo \u017einomum\u0105 bei lojalum\u0105. D\u0117l ry\u0161kaus dizaino ir ai\u0161kios informacijos kuponas atrodo profesionaliai ir patikimai, o tai skatina jo naudojim\u0105 ir vertinim\u0105.<\/p>\n<p>Per\u017ei\u016br\u0117ti kliento svetain\u0117je:<\/p>\n<blockquote class=\"wp-embedded-content\" data-secret=\"Wl3ZOCWHRp\"><p><a href=\"https:\/\/bplug.lt\/produktas\/dovanu-kuponas\/\">Dovan\u0173 kuponas<\/a><\/p><\/blockquote>\n<p><iframe class=\"wp-embedded-content\" sandbox=\"allow-scripts\" security=\"restricted\" style=\"position: absolute; visibility: hidden;\" title=\"&#8220;Dovan\u0173 kuponas&#8221; &#8212; BPlug.lt - LED vidaus salono ap\u0161vietimas\" src=\"https:\/\/bplug.lt\/produktas\/dovanu-kuponas\/embed\/#?secret=E8SE8KEBCp#?secret=Wl3ZOCWHRp\" data-secret=\"Wl3ZOCWHRp\" width=\"600\" height=\"338\" frameborder=\"0\" marginwidth=\"0\" marginheight=\"0\" scrolling=\"no\"><\/iframe><\/p>","protected":false},"excerpt":{"rendered":"<p>Modernus ir patrauklus dovan\u0173 kupono dizainas<\/p>","protected":false},"featured_media":865,"template":"","meta":{"_acf_changed":false,"inline_featured_image":false},"product_brand":[],"product_cat":[38],"product_tag":[],"class_list":{"0":"post-928","1":"product","2":"type-product","3":"status-publish","4":"has-post-thumbnail","6":"product_cat-kita","8":"first","9":"instock","10":"shipping-taxable","11":"product-type-simple"},"acf":[],"_links":{"self":[{"href":"https:\/\/aussdesigns.com\/en\/wp-json\/wp\/v2\/product\/928","targetHints":{"allow":["GET"]}}],"collection":[{"href":"https:\/\/aussdesigns.com\/en\/wp-json\/wp\/v2\/product"}],"about":[{"href":"https:\/\/aussdesigns.com\/en\/wp-json\/wp\/v2\/types\/product"}],"wp:featuredmedia":[{"embeddable":true,"href":"https:\/\/aussdesigns.com\/en\/wp-json\/wp\/v2\/media\/865"}],"wp:attachment":[{"href":"https:\/\/aussdesigns.com\/en\/wp-json\/wp\/v2\/media?parent=928"}],"wp:term":[{"taxonomy":"product_brand","embeddable":true,"href":"https:\/\/aussdesigns.com\/en\/wp-json\/wp\/v2\/product_brand?post=928"},{"taxonomy":"product_cat","embeddable":true,"href":"https:\/\/aussdesigns.com\/en\/wp-json\/wp\/v2\/product_cat?post=928"},{"taxonomy":"product_tag","embeddable":true,"href":"https:\/\/aussdesigns.com\/en\/wp-json\/wp\/v2\/product_tag?post=928"}],"curies":[{"name":"wp","href":"https:\/\/api.w.org\/{rel}","templated":true}]}}