{"id":921,"date":"2025-02-25T09:51:34","date_gmt":"2025-02-25T09:51:34","guid":{"rendered":"https:\/\/aussdesigns.com\/?post_type=product&#038;p=921"},"modified":"2025-03-01T12:02:52","modified_gmt":"2025-03-01T12:02:52","slug":"3d-efektas-telefone","status":"publish","type":"product","link":"https:\/\/aussdesigns.com\/en\/product\/3d-efektas-telefone\/","title":{"rendered":"3D dangaus iliustracijos"},"content":{"rendered":"<p data-start=\"108\" data-end=\"380\">Nor\u0117damas i\u0161bandyti \u201eAdobe Illustrator\u201c 3D funkcijas, suk\u016briau du kontrastingus dangaus vaizdus \u2013 dienos ir nakties. Eksperimentuodamas\u00a0 siekiau sukurti \u012fsp\u016bdingas, minimalistines iliustracijas, kurios perteikt\u0173 skirtingas nuotaikas.<\/p>\n<p data-start=\"382\" data-end=\"570\">\u0160ias iliustracijas pritaikiau kaip telefono ekrano u\u017esklandas ir pateikiau \u201emockup\u201c formatu, kad b\u016bt\u0173 lengviau \u012fsivaizduoti j\u0173 pritaikym\u0105 realyb\u0117je. Dizainus galima atsisi\u0173sti nemokamai.<\/p>\n<p data-start=\"572\" data-end=\"755\">\ud83d\udc49 <strong data-start=\"575\" data-end=\"596\">Naudota programa:<\/strong> Adobe Illustrator<br data-start=\"614\" data-end=\"617\" \/>\ud83d\udc49 <strong data-start=\"620\" data-end=\"644\">Pagrindinis tikslas:<\/strong> Mokytis ir eksperimentuoti su 3D funkcijomis<br data-start=\"689\" data-end=\"692\" \/>\ud83d\udc49 <strong data-start=\"695\" data-end=\"710\">Rezultatas:<\/strong> Stilingos ir modernios telefono u\u017esklandos<\/p>","protected":false},"excerpt":{"rendered":"<p>Telefono u\u017esklanda 3D diena\/naktis<\/p>","protected":false},"featured_media":859,"template":"","meta":{"_acf_changed":false,"inline_featured_image":false},"product_brand":[],"product_cat":[39,38],"product_tag":[],"class_list":{"0":"post-921","1":"product","2":"type-product","3":"status-publish","4":"has-post-thumbnail","6":"product_cat-parsisiusk-ir-naudok","7":"product_cat-kita","9":"first","10":"instock","11":"downloadable","12":"shipping-taxable","13":"product-type-simple"},"acf":[],"_links":{"self":[{"href":"https:\/\/aussdesigns.com\/en\/wp-json\/wp\/v2\/product\/921","targetHints":{"allow":["GET"]}}],"collection":[{"href":"https:\/\/aussdesigns.com\/en\/wp-json\/wp\/v2\/product"}],"about":[{"href":"https:\/\/aussdesigns.com\/en\/wp-json\/wp\/v2\/types\/product"}],"wp:featuredmedia":[{"embeddable":true,"href":"https:\/\/aussdesigns.com\/en\/wp-json\/wp\/v2\/media\/859"}],"wp:attachment":[{"href":"https:\/\/aussdesigns.com\/en\/wp-json\/wp\/v2\/media?parent=921"}],"wp:term":[{"taxonomy":"product_brand","embeddable":true,"href":"https:\/\/aussdesigns.com\/en\/wp-json\/wp\/v2\/product_brand?post=921"},{"taxonomy":"product_cat","embeddable":true,"href":"https:\/\/aussdesigns.com\/en\/wp-json\/wp\/v2\/product_cat?post=921"},{"taxonomy":"product_tag","embeddable":true,"href":"https:\/\/aussdesigns.com\/en\/wp-json\/wp\/v2\/product_tag?post=921"}],"curies":[{"name":"wp","href":"https:\/\/api.w.org\/{rel}","templated":true}]}}