{"id":920,"date":"2025-02-25T09:33:59","date_gmt":"2025-02-25T09:33:59","guid":{"rendered":"https:\/\/aussdesigns.com\/?post_type=product&#038;p=920"},"modified":"2025-03-01T11:38:38","modified_gmt":"2025-03-01T11:38:38","slug":"bullet-journal","status":"publish","type":"product","link":"https:\/\/aussdesigns.com\/en\/product\/bullet-journal\/","title":{"rendered":"M\u0117nesi\u0173 vir\u0161eliai"},"content":{"rendered":"<p>\u0160var\u016bs, stilingi ir puikiai tinkantys prid\u0117ti k\u016brybi\u0161k\u0105 akcent\u0105 j\u016bs\u0173 planuokliui! \u0160is projektas taip pat atspindi mano d\u0117mes\u012f detal\u0117ms ir darb\u0105 su linijomis, siekiant pasiekti tobul\u0105 pusiausvyr\u0105 tarp estetikos ir funkcionalumo.<\/p>","protected":false},"excerpt":{"rendered":"<p>M\u0117nesio pavadinimai planuokliui<\/p>","protected":false},"featured_media":866,"template":"","meta":{"_acf_changed":false,"inline_featured_image":false},"product_brand":[],"product_cat":[39],"product_tag":[],"class_list":{"0":"post-920","1":"product","2":"type-product","3":"status-publish","4":"has-post-thumbnail","6":"product_cat-parsisiusk-ir-naudok","8":"first","9":"instock","10":"downloadable","11":"shipping-taxable","12":"product-type-simple"},"acf":[],"_links":{"self":[{"href":"https:\/\/aussdesigns.com\/en\/wp-json\/wp\/v2\/product\/920","targetHints":{"allow":["GET"]}}],"collection":[{"href":"https:\/\/aussdesigns.com\/en\/wp-json\/wp\/v2\/product"}],"about":[{"href":"https:\/\/aussdesigns.com\/en\/wp-json\/wp\/v2\/types\/product"}],"wp:featuredmedia":[{"embeddable":true,"href":"https:\/\/aussdesigns.com\/en\/wp-json\/wp\/v2\/media\/866"}],"wp:attachment":[{"href":"https:\/\/aussdesigns.com\/en\/wp-json\/wp\/v2\/media?parent=920"}],"wp:term":[{"taxonomy":"product_brand","embeddable":true,"href":"https:\/\/aussdesigns.com\/en\/wp-json\/wp\/v2\/product_brand?post=920"},{"taxonomy":"product_cat","embeddable":true,"href":"https:\/\/aussdesigns.com\/en\/wp-json\/wp\/v2\/product_cat?post=920"},{"taxonomy":"product_tag","embeddable":true,"href":"https:\/\/aussdesigns.com\/en\/wp-json\/wp\/v2\/product_tag?post=920"}],"curies":[{"name":"wp","href":"https:\/\/api.w.org\/{rel}","templated":true}]}}