{"id":856,"date":"2025-02-25T08:54:20","date_gmt":"2025-02-25T08:54:20","guid":{"rendered":"https:\/\/aussdesigns.com\/?post_type=product&#038;p=856"},"modified":"2025-03-28T17:29:51","modified_gmt":"2025-03-28T17:29:51","slug":"joga-3","status":"publish","type":"product","link":"https:\/\/aussdesigns.com\/en\/product\/joga-3\/","title":{"rendered":"Instagram karusel\u0117"},"content":{"rendered":"<p>Sklandus per\u0117jimas ir patrauklus turinio pateikimas<\/p>\n<p>Suk\u016briau pavyzdin\u012f karusel\u0117s post\u0105 apie jog\u0105, kuriame vaizdai skland\u017eiai pereina vienas \u012f kit\u0105, sukuriant nuosekl\u0173 ir vizualiai patraukl\u0173 pasakojim\u0105. Tokie postai ne tik informuoja, bet ir skatina \u017ei\u016brovus t\u0119sti nar\u0161ym\u0105, skrolinant toliau.<\/p>\n<p>&nbsp;<\/p>\n<p>\ud83d\udccc <strong>Kod\u0117l tai efektyvu?<\/strong><\/p>\n<p>\u2705 Pereinan\u010dios nuotraukos pritraukia d\u0117mes\u012f ir skatina \u017ei\u016brovus nar\u0161yti vis\u0105 post\u0105<\/p>\n<p>\u2705 Sklandus vaizd\u0173 per\u0117jimas sukuria vizual\u0173 ritm\u0105, kuris padeda i\u0161laikyti susidom\u0117jim\u0105<\/p>\n<p>\u2705 Toks dizainas suteikia profesionalumo ir estetikos j\u016bs\u0173 socialini\u0173 tinkl\u0173 turiniui<\/p>\n<p>&nbsp;<\/p>\n<p>\ud83d\udca1 Norite, kad j\u016bs\u0173 Instagram postai b\u016bt\u0173 dinami\u0161ki ir \u012ftraukiantys? Susisiekite su manimi ir sukursiu dizain\u0105, kuris pad\u0117s i\u0161siskirti ir pritraukti daugiau sek\u0117j\u0173!<\/p>","protected":false},"excerpt":{"rendered":"<p>Sklandus per\u0117jimas ir patrauklus turinio pateikimas<\/p>","protected":false},"featured_media":861,"template":"","meta":{"_acf_changed":false,"inline_featured_image":false},"product_brand":[],"product_cat":[29],"product_tag":[],"class_list":{"0":"post-856","1":"product","2":"type-product","3":"status-publish","4":"has-post-thumbnail","6":"product_cat-socialiniai_tinklai","8":"first","9":"instock","10":"shipping-taxable","11":"product-type-simple"},"acf":[],"_links":{"self":[{"href":"https:\/\/aussdesigns.com\/en\/wp-json\/wp\/v2\/product\/856","targetHints":{"allow":["GET"]}}],"collection":[{"href":"https:\/\/aussdesigns.com\/en\/wp-json\/wp\/v2\/product"}],"about":[{"href":"https:\/\/aussdesigns.com\/en\/wp-json\/wp\/v2\/types\/product"}],"wp:featuredmedia":[{"embeddable":true,"href":"https:\/\/aussdesigns.com\/en\/wp-json\/wp\/v2\/media\/861"}],"wp:attachment":[{"href":"https:\/\/aussdesigns.com\/en\/wp-json\/wp\/v2\/media?parent=856"}],"wp:term":[{"taxonomy":"product_brand","embeddable":true,"href":"https:\/\/aussdesigns.com\/en\/wp-json\/wp\/v2\/product_brand?post=856"},{"taxonomy":"product_cat","embeddable":true,"href":"https:\/\/aussdesigns.com\/en\/wp-json\/wp\/v2\/product_cat?post=856"},{"taxonomy":"product_tag","embeddable":true,"href":"https:\/\/aussdesigns.com\/en\/wp-json\/wp\/v2\/product_tag?post=856"}],"curies":[{"name":"wp","href":"https:\/\/api.w.org\/{rel}","templated":true}]}}