{"id":1497,"date":"2025-03-28T17:10:59","date_gmt":"2025-03-28T17:10:59","guid":{"rendered":"https:\/\/aussdesigns.com\/?post_type=product&#038;p=1497"},"modified":"2025-03-28T20:50:34","modified_gmt":"2025-03-28T20:50:34","slug":"logotipas-teramona","status":"publish","type":"product","link":"https:\/\/aussdesigns.com\/en\/product\/logotipas-teramona\/","title":{"rendered":"Logotipas \u201eTeraMona\u201c"},"content":{"rendered":"<p>Suk\u016briau profesional\u0173 ir solid\u0173 logotip\u0105, kuris atspindi \u012fmon\u0117s veikl\u0105 \u2013 teras\u0173 ir stogini\u0173 montavim\u0105. Dizainas sukurtas taip, kad b\u016bt\u0173 ai\u0161kus, lengvai atpa\u017e\u012fstamas ir tinkamas naudoti tiek ant vizitin\u0117s kortel\u0117s, tiek ant kit\u0173 \u012fmon\u0117s vizual\u0173.<\/p>\n<p>&nbsp;<\/p>\n<p><strong>\ud83d\udca1 Kod\u0117l tai svarbu klientui?<\/strong><\/p>\n<p>\u2705<strong> Stiprus pirmasis \u012fsp\u016bdis<\/strong> \u2013 profesionalus logotipas didina pasitik\u0117jim\u0105 \u012fmone<\/p>\n<p>\u2705<strong> Ai\u0161kus identitetas<\/strong> \u2013 vizualiai perteikia \u012fmon\u0117s veikl\u0105 ir vertybes<\/p>\n<p>\u2705 <strong>Universalumas<\/strong> \u2013 tinka tiek spaudai, tiek socialiniams tinklams ar reklamai<\/p>\n<p>&nbsp;<\/p>\n<p>Logotipas sukurtas puslapiui <a href=\"http:\/\/teramona.lt\">teramona.lt<\/a><\/p>","protected":false},"excerpt":{"rendered":"<p>\u201eTeraMona\u201c teras\u0173 ir stogini\u0173 montavimas<\/p>","protected":false},"featured_media":1500,"template":"","meta":{"_acf_changed":false,"inline_featured_image":false},"product_brand":[],"product_cat":[44],"product_tag":[],"class_list":{"0":"post-1497","1":"product","2":"type-product","3":"status-publish","4":"has-post-thumbnail","6":"product_cat-logotipai","8":"first","9":"instock","10":"shipping-taxable","11":"product-type-simple"},"acf":[],"_links":{"self":[{"href":"https:\/\/aussdesigns.com\/en\/wp-json\/wp\/v2\/product\/1497","targetHints":{"allow":["GET"]}}],"collection":[{"href":"https:\/\/aussdesigns.com\/en\/wp-json\/wp\/v2\/product"}],"about":[{"href":"https:\/\/aussdesigns.com\/en\/wp-json\/wp\/v2\/types\/product"}],"wp:featuredmedia":[{"embeddable":true,"href":"https:\/\/aussdesigns.com\/en\/wp-json\/wp\/v2\/media\/1500"}],"wp:attachment":[{"href":"https:\/\/aussdesigns.com\/en\/wp-json\/wp\/v2\/media?parent=1497"}],"wp:term":[{"taxonomy":"product_brand","embeddable":true,"href":"https:\/\/aussdesigns.com\/en\/wp-json\/wp\/v2\/product_brand?post=1497"},{"taxonomy":"product_cat","embeddable":true,"href":"https:\/\/aussdesigns.com\/en\/wp-json\/wp\/v2\/product_cat?post=1497"},{"taxonomy":"product_tag","embeddable":true,"href":"https:\/\/aussdesigns.com\/en\/wp-json\/wp\/v2\/product_tag?post=1497"}],"curies":[{"name":"wp","href":"https:\/\/api.w.org\/{rel}","templated":true}]}}