{"id":1465,"date":"2025-03-28T16:31:23","date_gmt":"2025-03-28T16:31:23","guid":{"rendered":"https:\/\/aussdesigns.com\/?post_type=product&#038;p=1465"},"modified":"2025-03-28T16:31:23","modified_gmt":"2025-03-28T16:31:23","slug":"vizitines-korteles-dizainas","status":"publish","type":"product","link":"https:\/\/aussdesigns.com\/en\/product\/vizitines-korteles-dizainas\/","title":{"rendered":"Vizitin\u0117s kortel\u0117s dizainas"},"content":{"rendered":"<p>Suk\u016briau dvipus\u012f vizitin\u0117s kortel\u0117s dizain\u0105 (9&#215;5 cm standartas), kuris atspindi \u012fmon\u0117s profesionalum\u0105 ir patikimum\u0105. Dizainas vizualiai ai\u0161kus, su subtiliais akcentais, perteikian\u010diais \u012fmon\u0117s veiklos srit\u012f \u2013 teras\u0173 ir stogini\u0173 montavim\u0105.<\/p>\n<p>&nbsp;<\/p>\n<p><strong>\ud83d\udca1 Kod\u0117l tai naudinga klientui?<\/strong><\/p>\n<p>\u2705 <strong>Ai\u0161kus ir patrauklus dizainas<\/strong> \u2013 svarbiausia informacija lengvai \u012fskaitoma;<\/p>\n<p>\u2705 <strong>Profesionalus \u012fvaizdis<\/strong> \u2013 kokybi\u0161ka vizitin\u0117 sustiprina pasitik\u0117jim\u0105 \u012fmone;<\/p>\n<p>\u2705 <strong>Funkcionalus i\u0161d\u0117stymas<\/strong> \u2013 dvipusis dizainas leid\u017eia pateikti daugiau informacijos be pertekliaus.<\/p>\n<p>&nbsp;<\/p>\n<p>\ud83d\udccc Ie\u0161kote unikalaus vizitin\u0117s kortel\u0117s dizaino? Susisiekite su manimi, ir sukursiu jums i\u0161skirtin\u012f \u012fvaizd\u012f! \ud83d\ude80<\/p>","protected":false},"excerpt":{"rendered":"<p>Vizitin\u0117s kortel\u0117s \u201eTeramonai\u201c<\/p>","protected":false},"featured_media":1468,"template":"","meta":{"_acf_changed":false,"inline_featured_image":false},"product_brand":[],"product_cat":[42],"product_tag":[],"class_list":{"0":"post-1465","1":"product","2":"type-product","3":"status-publish","4":"has-post-thumbnail","6":"product_cat-spauda","8":"first","9":"instock","10":"shipping-taxable","11":"product-type-simple"},"acf":[],"_links":{"self":[{"href":"https:\/\/aussdesigns.com\/en\/wp-json\/wp\/v2\/product\/1465","targetHints":{"allow":["GET"]}}],"collection":[{"href":"https:\/\/aussdesigns.com\/en\/wp-json\/wp\/v2\/product"}],"about":[{"href":"https:\/\/aussdesigns.com\/en\/wp-json\/wp\/v2\/types\/product"}],"wp:featuredmedia":[{"embeddable":true,"href":"https:\/\/aussdesigns.com\/en\/wp-json\/wp\/v2\/media\/1468"}],"wp:attachment":[{"href":"https:\/\/aussdesigns.com\/en\/wp-json\/wp\/v2\/media?parent=1465"}],"wp:term":[{"taxonomy":"product_brand","embeddable":true,"href":"https:\/\/aussdesigns.com\/en\/wp-json\/wp\/v2\/product_brand?post=1465"},{"taxonomy":"product_cat","embeddable":true,"href":"https:\/\/aussdesigns.com\/en\/wp-json\/wp\/v2\/product_cat?post=1465"},{"taxonomy":"product_tag","embeddable":true,"href":"https:\/\/aussdesigns.com\/en\/wp-json\/wp\/v2\/product_tag?post=1465"}],"curies":[{"name":"wp","href":"https:\/\/api.w.org\/{rel}","templated":true}]}}