{"id":1012,"date":"2025-02-27T18:01:11","date_gmt":"2025-02-27T18:01:11","guid":{"rendered":"https:\/\/aussdesigns.com\/?post_type=product&#038;p=1012"},"modified":"2025-02-27T18:02:46","modified_gmt":"2025-02-27T18:02:46","slug":"profesionalus-socialines-medijos-irasas-2","status":"publish","type":"product","link":"https:\/\/aussdesigns.com\/en\/product\/profesionalus-socialines-medijos-irasas-2\/","title":{"rendered":"Profesionalus socialin\u0117s medijos \u012fra\u0161as"},"content":{"rendered":"<p>Suk\u016briau socialin\u0117s medijos \u012fra\u0161\u0105, kuris yra ne tik informatyv\u016bs, bet ir vizualiai patrauklus, kad pritraukt\u0173 daugiau d\u0117mesio ir pad\u0117t\u0173 i\u0161siskirti. Tokie \u012fra\u0161ai puikiai tinka <strong>reklamoms, naujienoms<\/strong> ar bet kokiam turiniui, kur\u012f norite pasidalinti su savo sek\u0117jais.<\/p>\n<p>&nbsp;<\/p>\n<p>\ud83d\udccc <strong>Kod\u0117l verta pasirinkti mano paslaugas?<\/strong><\/p>\n<p>\u2705 Profesional\u016bs ir esteti\u0161ki dizainai padeda j\u016bs\u0173 turiniui i\u0161siskirti;<\/p>\n<p>\u2705 Skirtas j\u016bs\u0173 prek\u0117s \u017eenklui pritaikytas dizainas pritraukia daugiau sek\u0117j\u0173 ir padeda augti;<\/p>\n<p>\u2705 Tinkamai pateikta informacija skatina veiksm\u0105, pavyzd\u017eiui, u\u017esakymus ar paslaug\u0173 u\u017eklausas.<\/p>\n<p>&nbsp;<\/p>\n<p><strong>Dizainas pritaikytas skirtingiems formatams:<\/strong> socialin\u0117s medijos \u012fra\u0161ams, reklamoms ir internetinei parduotuvei.<\/p>\n<p>\ud83d\udc96 <strong>Kod\u0117l tai svarbu?<\/strong><\/p>\n<p>Vieninga vizualin\u0117 komunikacija \u012fvairiose platformose padeda sukurti stipr\u0173 prek\u0117s \u017eenklo \u012fvaizd\u012f ir pritraukti daugiau klient\u0173. Tinkamai pritaikyti formatai u\u017etikrina, kad svarbi informacija apie nuolaid\u0105 i\u0161likt\u0173 ai\u0161ki ir patraukli, nepriklausomai nuo kanalo.<\/p>\n<p>\ud83d\udccc <strong>Formatai:<\/strong> 1:1, 4:5, 1.91:1, 9:16<\/p>\n<p>&nbsp;<\/p>\n<p>\ud83d\udca1 Norite, kad j\u016bs\u0173 postai b\u016bt\u0173 profesional\u016bs ir \u012ftraukiantys? Susisiekite su manimi ir sukursiu dizain\u0105, kuris pad\u0117s pasiekti j\u016bs\u0173 tikslus!<\/p>\n<p>&nbsp;<\/p>\n<p>Vizualas kurtas muilis.lt puslapiui<\/p>","protected":false},"excerpt":{"rendered":"<p>\u201eNesuk galvos, kai n\u0117ra muilio\u201c<\/p>","protected":false},"featured_media":990,"template":"","meta":{"_acf_changed":false,"inline_featured_image":false},"product_brand":[],"product_cat":[29],"product_tag":[],"class_list":{"0":"post-1012","1":"product","2":"type-product","3":"status-publish","4":"has-post-thumbnail","6":"product_cat-socialiniai_tinklai","8":"first","9":"instock","10":"shipping-taxable","11":"product-type-simple"},"acf":[],"_links":{"self":[{"href":"https:\/\/aussdesigns.com\/en\/wp-json\/wp\/v2\/product\/1012","targetHints":{"allow":["GET"]}}],"collection":[{"href":"https:\/\/aussdesigns.com\/en\/wp-json\/wp\/v2\/product"}],"about":[{"href":"https:\/\/aussdesigns.com\/en\/wp-json\/wp\/v2\/types\/product"}],"wp:featuredmedia":[{"embeddable":true,"href":"https:\/\/aussdesigns.com\/en\/wp-json\/wp\/v2\/media\/990"}],"wp:attachment":[{"href":"https:\/\/aussdesigns.com\/en\/wp-json\/wp\/v2\/media?parent=1012"}],"wp:term":[{"taxonomy":"product_brand","embeddable":true,"href":"https:\/\/aussdesigns.com\/en\/wp-json\/wp\/v2\/product_brand?post=1012"},{"taxonomy":"product_cat","embeddable":true,"href":"https:\/\/aussdesigns.com\/en\/wp-json\/wp\/v2\/product_cat?post=1012"},{"taxonomy":"product_tag","embeddable":true,"href":"https:\/\/aussdesigns.com\/en\/wp-json\/wp\/v2\/product_tag?post=1012"}],"curies":[{"name":"wp","href":"https:\/\/api.w.org\/{rel}","templated":true}]}}