{"id":1006,"date":"2025-02-27T17:45:18","date_gmt":"2025-02-27T17:45:18","guid":{"rendered":"https:\/\/aussdesigns.com\/?post_type=product&#038;p=1006"},"modified":"2025-02-27T17:46:06","modified_gmt":"2025-02-27T17:46:06","slug":"universalus-banerio-dizainas-2","status":"publish","type":"product","link":"https:\/\/aussdesigns.com\/en\/product\/universalus-banerio-dizainas-2\/","title":{"rendered":"Universalus banerio dizainas"},"content":{"rendered":"<p>Suk\u016briau baner\u012f elektroninei parduotuvei ir pritaikiau t\u0105 pat\u012f dizain\u0105 socialinei medijai.<\/p>\n<p>Svarbu u\u017etikrinti, kad vizualai b\u016bt\u0173 pritaikyti skirtingiems formatams, i\u0161laikant nuosekl\u0173 prek\u0117s \u017eenklo \u012fvaizd\u012f ir patrauklum\u0105.<\/p>\n<p>Gebu lengvai pritaikyti dizainus \u012fvairiems formatams, u\u017etikrindama, kad vizualai atrodyt\u0173 profesionaliai ir efektyviai bet kurioje platformoje.<\/p>\n<p>\ud83d\udccc <strong>Kod\u0117l tai svarbu?<\/strong><\/p>\n<p>Kiekviena platforma turi <strong>skirtingus reikalavimus vizualams<\/strong> \u2013 kas tinka internetinei parduotuvei, gali netikti \u201eInstagram\u201c ar \u201eFacebook\u201c. Tinkamai pritaikytas dizainas i\u0161laiko ai\u0161ki\u0105 \u017einut\u0119, stiprina prek\u0117s \u017eenklo atpa\u017e\u012fstamum\u0105 ir padeda pasiekti auditorij\u0105 efektyviausiai.<\/p>\n<p>&nbsp;<\/p>\n<p>\ud83d\udce9 Reikia dizaino, pritaikyto visiems formatams? Kreipkit\u0117s!<\/p>\n<p>&nbsp;<\/p>\n<p>Baneris kurtas muilis.lt puslapiui<\/p>","protected":false},"excerpt":{"rendered":"<p>Baneris el. parduotuvei ir soc. tinklams<\/p>","protected":false},"featured_media":994,"template":"","meta":{"_acf_changed":false,"inline_featured_image":false},"product_brand":[],"product_cat":[45,29],"product_tag":[],"class_list":{"0":"post-1006","1":"product","2":"type-product","3":"status-publish","4":"has-post-thumbnail","6":"product_cat-baneriai","7":"product_cat-socialiniai_tinklai","9":"first","10":"instock","11":"shipping-taxable","12":"product-type-simple"},"acf":[],"_links":{"self":[{"href":"https:\/\/aussdesigns.com\/en\/wp-json\/wp\/v2\/product\/1006","targetHints":{"allow":["GET"]}}],"collection":[{"href":"https:\/\/aussdesigns.com\/en\/wp-json\/wp\/v2\/product"}],"about":[{"href":"https:\/\/aussdesigns.com\/en\/wp-json\/wp\/v2\/types\/product"}],"wp:featuredmedia":[{"embeddable":true,"href":"https:\/\/aussdesigns.com\/en\/wp-json\/wp\/v2\/media\/994"}],"wp:attachment":[{"href":"https:\/\/aussdesigns.com\/en\/wp-json\/wp\/v2\/media?parent=1006"}],"wp:term":[{"taxonomy":"product_brand","embeddable":true,"href":"https:\/\/aussdesigns.com\/en\/wp-json\/wp\/v2\/product_brand?post=1006"},{"taxonomy":"product_cat","embeddable":true,"href":"https:\/\/aussdesigns.com\/en\/wp-json\/wp\/v2\/product_cat?post=1006"},{"taxonomy":"product_tag","embeddable":true,"href":"https:\/\/aussdesigns.com\/en\/wp-json\/wp\/v2\/product_tag?post=1006"}],"curies":[{"name":"wp","href":"https:\/\/api.w.org\/{rel}","templated":true}]}}