{"id":1004,"date":"2025-02-27T17:33:23","date_gmt":"2025-02-27T17:33:23","guid":{"rendered":"https:\/\/aussdesigns.com\/?post_type=product&#038;p=1004"},"modified":"2025-02-27T17:33:23","modified_gmt":"2025-02-27T17:33:23","slug":"logotipas-muilis","status":"publish","type":"product","link":"https:\/\/aussdesigns.com\/en\/product\/logotipas-muilis\/","title":{"rendered":"Logotipas \u201eMuilis\u201c"},"content":{"rendered":"<p>Suk\u016briau logotip\u0105 verslui \u201eMuilis\u201c, kuris prekiauja muilu.<\/p>\n<p>Dizainas i\u0161laiko <strong>minimalistin\u012f ir \u0161var\u0173 stili\u0173<\/strong>, naudodama juodas linijas ir subtilias muilo burbul\u0173 formas, kurios perteikia \u0161varos ir nat\u016bralumo \u012fsp\u016bd\u012f.<\/p>\n<p>Apskritimo elementas su burbulais atspindi muilo savybes, o modernus \u0161riftas pabr\u0117\u017eia prek\u0117s \u017eenklo draugi\u0161k\u0105 ir esteti\u0161k\u0105 \u012fvaizd\u012f.<\/p>\n<p>&nbsp;<\/p>\n<p>\ud83d\udc49 <strong>Tikslas<\/strong>: Sukurti minimalistin\u012f, ta\u010diau \u017eaisming\u0105 identitet\u0105<\/p>\n<p>\ud83c\udfaf <strong>Stilius<\/strong>: \u0160varus, modernus, minimalistinis<\/p>\n<p>\ud83d\udee0\ufe0f <strong>Naudota programa<\/strong>: Adobe Illustrator<\/p>\n<p>Logotip\u0105 galima per\u017ei\u016br\u0117ti muilis.lt<\/p>","protected":false},"excerpt":{"rendered":"<p>Logotipas el. parduotuvei<\/p>","protected":false},"featured_media":987,"template":"","meta":{"_acf_changed":false,"inline_featured_image":false},"product_brand":[],"product_cat":[44],"product_tag":[],"class_list":{"0":"post-1004","1":"product","2":"type-product","3":"status-publish","4":"has-post-thumbnail","6":"product_cat-logotipai","8":"first","9":"instock","10":"shipping-taxable","11":"product-type-simple"},"acf":[],"_links":{"self":[{"href":"https:\/\/aussdesigns.com\/en\/wp-json\/wp\/v2\/product\/1004","targetHints":{"allow":["GET"]}}],"collection":[{"href":"https:\/\/aussdesigns.com\/en\/wp-json\/wp\/v2\/product"}],"about":[{"href":"https:\/\/aussdesigns.com\/en\/wp-json\/wp\/v2\/types\/product"}],"wp:featuredmedia":[{"embeddable":true,"href":"https:\/\/aussdesigns.com\/en\/wp-json\/wp\/v2\/media\/987"}],"wp:attachment":[{"href":"https:\/\/aussdesigns.com\/en\/wp-json\/wp\/v2\/media?parent=1004"}],"wp:term":[{"taxonomy":"product_brand","embeddable":true,"href":"https:\/\/aussdesigns.com\/en\/wp-json\/wp\/v2\/product_brand?post=1004"},{"taxonomy":"product_cat","embeddable":true,"href":"https:\/\/aussdesigns.com\/en\/wp-json\/wp\/v2\/product_cat?post=1004"},{"taxonomy":"product_tag","embeddable":true,"href":"https:\/\/aussdesigns.com\/en\/wp-json\/wp\/v2\/product_tag?post=1004"}],"curies":[{"name":"wp","href":"https:\/\/api.w.org\/{rel}","templated":true}]}}